{"id":10,"date":"2013-07-16T11:19:35","date_gmt":"2013-07-16T11:19:35","guid":{"rendered":"http:\/\/shaktisoul.co.uk\/?page_id=10"},"modified":"2019-07-29T15:23:31","modified_gmt":"2019-07-29T15:23:31","slug":"maite","status":"publish","type":"page","link":"https:\/\/shaktisoul.co.uk\/index.php\/maite\/","title":{"rendered":"Maite"},"content":{"rendered":"<h1 style=\"text-align: center;\"><span style=\"color: #cc99ff;\"><strong>ABOUT ME<\/strong><\/span><\/h1>\n<p style=\"text-align: justify;\"><a href=\"https:\/\/shaktisoul.co.uk\/wp-content\/uploads\/2013\/07\/shelf_portrait.jpg\"><img loading=\"lazy\" decoding=\"async\" class=\" alignleft\" src=\"https:\/\/shaktisoul.co.uk\/wp-content\/uploads\/2013\/07\/shelf_portrait-251x300.jpg\" alt=\"shelf_portrait\" width=\"251\" height=\"300\" \/><\/a>I was born in Spain. With an innate passion for music and dance, I \u00a0also started practising Yoga on my own, and since my teens I have practiced different styles including Sivananda (in which I got the Teacher Training Certificate in 1991 in India), Hatha, Iyengar, Scaravelli and some Ashtanga.<\/p>\n<p style=\"text-align: justify;\">Buddhist meditation has also been a major influence since 1990, especially Zen and Insight Meditation, which was a major factor in my decision to leave a nursing profession in Spain and explore life in Buddhist and spiritual centres in UK, Europe and California.<br \/>\nMy interest in health and alternative therapies took me to London in 1995 to undergo a post graduate diploma in Movement and Drama therapy (Sesame Method), and some years later the ITEC diplomas in Indian Head Massage, Reflexology and Reiki.<\/p>\n<p style=\"text-align: justify;\">In 2009 I finished the training in Shakti Dance and the Yoga of Dance, in the UK, with Sara Avtar Olivier. \u00a0I found that Shakti Dance integrated my great passions for Yoga, Dance, Meditation, Music and Healing together into one practice-where I feel most at home.<\/p>\n<p style=\"text-align: justify;\">I also completed the Kundalini Yoga Training Course in December 2012 in Devon with Amrit Nam Sarovar School.<\/p>\n<p style=\"text-align: justify;\"><a href=\"https:\/\/shaktisoul.co.uk\/wp-content\/uploads\/2013\/07\/DSCF0390.jpg\"><img loading=\"lazy\" decoding=\"async\" class=\" alignright\" src=\"https:\/\/shaktisoul.co.uk\/wp-content\/uploads\/2013\/07\/DSCF0390-300x200.jpg\" alt=\"DSCF0390\" width=\"300\" height=\"200\" \/><\/a>Through this practise I am finding\u00a0the roots of Shakti Dance and exploring how these practices can be integrated and complement each other.<\/p>\n<p style=\"text-align: justify;\">I live in Totnes, Devon and work as a complementary therapist and Shakti Dance teacher . I feel committed to the work of inner awakening and to living a conscious and compassionate life.<\/p>\n<p style=\"text-align: center;\"><span style=\"color: #cc99ff;\"><em><strong>The fire of the soul<\/strong><\/em><\/span><\/p>\n<p style=\"text-align: justify;\">[SPANISH]<\/p>\n<h1 style=\"text-align: center;\"><span style=\"color: #cc99ff;\"><strong>SOBRE \u00a0MI<\/strong><\/span><\/h1>\n<p style=\"text-align: justify;\"><a href=\"https:\/\/shaktisoul.co.uk\/wp-content\/uploads\/2013\/07\/shelf_portrait.jpg\"><img loading=\"lazy\" decoding=\"async\" class=\" alignleft\" src=\"https:\/\/shaktisoul.co.uk\/wp-content\/uploads\/2013\/07\/shelf_portrait-251x300.jpg\" alt=\"shelf_portrait\" width=\"251\" height=\"300\" \/><\/a><\/p>\n<p style=\"text-align: justify;\">Nac\u00ed y crec\u00ed en Palencia, y con una pasi\u00f3n innata por la m\u00fasica y la danza.<br \/>\nComenc\u00e9 a practicar Yoga por mi cuenta en mi adolescencia y desde entonces he practicado varios tipos de Yoga como Sivananda (del que hice un curso de formaci\u00f3n en India en 1991), Hatha Yoga, Iyengar Yoga, Scaravelli y Ashtanga.<br \/>\nAparte del Yoga, otra de mis pasiones ha sido la meditacion budista (Vipasana y zen principalmente) desde 1990, que me llev\u00f3 a dejar mi profesi\u00f3n de Diplomada en Enfermer\u00eda en Espa\u00f1a e ir a explorar varios centros y comunidades budistas y espirituales en India, Inglaterra, Europa y California.<br \/>\nMi inter\u00e9s por la salud y las terapias alternativas me llevaron a hacer un curso de postgraduado en Dramaterapia y Movimiento en Londres en 1995 y tras ello otros de Masaje Ind\u00fa de Cabeza, Reflexologia y Reiki.<\/p>\n<p style=\"text-align: justify;\">En 2009 termin\u00e9 la formaci\u00f3n en Shakti Dance en Inglaterra con Saravtar Olivier, la creadora de esta disciplina. Con ello mis grandes pasiones, el Yoga, la danza, la meditaci\u00f3n, la m\u00fasica, y la sanaci\u00f3n, se fusionaron en una sola pr\u00e1ctica en la que he encontrado mi hogar.<br \/>\n<a href=\"https:\/\/shaktisoul.co.uk\/wp-content\/uploads\/2013\/07\/portrait_02.jpg\"><img loading=\"lazy\" decoding=\"async\" class=\" alignright\" src=\"https:\/\/shaktisoul.co.uk\/wp-content\/uploads\/2013\/07\/portrait_02-300x300.jpg\" alt=\"portrait_02\" width=\"300\" height=\"300\" \/><\/a>Tambi\u00e9n he completado el curso de formaci\u00f3n de yoga Kundalini en diciembre de 2012 en Devon con la escuela Amrit Nam Sarovar. As\u00ed, estoy encontrando las ra\u00edces del Shakti Dance y disfrutando de c\u00f3mo se complementan el uno al otro.<br \/>\nEn la actualidad vivo en Totnes, Devon, en el suroeste de Inglaterra, donde trabajo dando masajes y ense\u00f1ando Shakti Dance. Sigo apasionada y comprometida con el trabajo de despertar interior y con vivir de modo consciente y compasivo.<\/p>\n<p style=\"text-align: center;\"><span style=\"color: #cc99ff;\"><em><strong>La llama del alma<\/strong><\/em><\/span><\/p>\n<p style=\"text-align: justify;\">\n","protected":false},"excerpt":{"rendered":"<p>ABOUT ME I was born in Spain. With an innate passion for music and dance, I \u00a0also started practising Yoga on my own, and since my teens I have practiced different styles including Sivananda (in which I got the Teacher &hellip; <a href=\"https:\/\/shaktisoul.co.uk\/index.php\/maite\/\">Continue reading <span class=\"meta-nav\">&rarr;<\/span><\/a><\/p>\n","protected":false},"author":1,"featured_media":0,"parent":0,"menu_order":0,"comment_status":"closed","ping_status":"closed","template":"","meta":{"footnotes":""},"jetpack_sharing_enabled":true,"_links":{"self":[{"href":"https:\/\/shaktisoul.co.uk\/index.php\/wp-json\/wp\/v2\/pages\/10"}],"collection":[{"href":"https:\/\/shaktisoul.co.uk\/index.php\/wp-json\/wp\/v2\/pages"}],"about":[{"href":"https:\/\/shaktisoul.co.uk\/index.php\/wp-json\/wp\/v2\/types\/page"}],"author":[{"embeddable":true,"href":"https:\/\/shaktisoul.co.uk\/index.php\/wp-json\/wp\/v2\/users\/1"}],"replies":[{"embeddable":true,"href":"https:\/\/shaktisoul.co.uk\/index.php\/wp-json\/wp\/v2\/comments?post=10"}],"version-history":[{"count":2,"href":"https:\/\/shaktisoul.co.uk\/index.php\/wp-json\/wp\/v2\/pages\/10\/revisions"}],"predecessor-version":[{"id":2292,"href":"https:\/\/shaktisoul.co.uk\/index.php\/wp-json\/wp\/v2\/pages\/10\/revisions\/2292"}],"wp:attachment":[{"href":"https:\/\/shaktisoul.co.uk\/index.php\/wp-json\/wp\/v2\/media?parent=10"}],"curies":[{"name":"wp","href":"https:\/\/api.w.org\/{rel}","templated":true}]}}