{"id":12,"date":"2013-07-16T11:19:54","date_gmt":"2013-07-16T11:19:54","guid":{"rendered":"http:\/\/shaktisoul.co.uk\/?page_id=12"},"modified":"2023-10-25T08:45:19","modified_gmt":"2023-10-25T08:45:19","slug":"about-shakti-yoga","status":"publish","type":"page","link":"https:\/\/shaktisoul.co.uk\/","title":{"rendered":"Shakti Yoga Dance"},"content":{"rendered":"<h1 style=\"text-align: center;\"><a href=\"https:\/\/shaktisoul.co.uk\/wp-content\/uploads\/2023\/10\/class-lotus8.png\"><img loading=\"lazy\" decoding=\"async\" class=\"aligncenter  wp-image-3774\" src=\"https:\/\/shaktisoul.co.uk\/wp-content\/uploads\/2023\/10\/class-lotus8-300x195.png\" alt=\"\" width=\"493\" height=\"327\" \/><\/a><span style=\"font-size: 14pt; color: #ff0000;\"><strong>JOIN ME AND ENJOY A COLLECTION<\/strong>\u00a0<\/span><\/h1>\n<p style=\"text-align: center;\">OF SEASONAL CLASSES RECORDED &amp; READY TO USE IN YOUR OWN HOME<\/p>\n<p style=\"text-align: center;\"><span style=\"font-size: 18pt;\"><strong><span style=\"color: #ff0000;\"><a style=\"color: #ff0000;\" href=\"https:\/\/bvitl.com\/\">HERE:<\/a><\/span><\/strong><\/span><\/p>\n<p>&nbsp;<\/p>\n<p style=\"text-align: center;\"><iframe loading=\"lazy\" src=\"https:\/\/www.youtube.com\/embed\/drNTUw9sg6c?rel=0&amp;showinfo=0\" width=\"560\" height=\"315\" frameborder=\"0\" allowfullscreen=\"allowfullscreen\"><span data-mce-type=\"bookmark\" style=\"display: inline-block; width: 0px; overflow: hidden; line-height: 0;\" class=\"mce_SELRES_start\">\ufeff<\/span><\/iframe><\/p>\n<p>Creating spaces in which to experience a deep connection with the conscious life force that permeates everything, Shakti, and with the very source of our Being, our Soul.<\/p>\n<p>I love sharing these nurturing, healing and life-giving spaces mainly through the practice of Shakti Dance, the Yoga of Dance, and my massage work.<\/p>\n<p style=\"text-align: center;\"><span style=\"color: #cc99ff;\"><em><strong>Spirit taking shape<\/strong><\/em><\/span><\/p>\n<p>[SPANISH]<\/p>\n<p style=\"text-align: center;\"><iframe loading=\"lazy\" src=\"https:\/\/www.youtube.com\/embed\/drNTUw9sg6c?rel=0&amp;showinfo=0\" width=\"560\" height=\"315\" frameborder=\"0\" allowfullscreen=\"allowfullscreen\"><\/iframe><\/p>\n<p>Crear espacios en los que experimentar una conexi\u00f3n profunda con la fuerza consciente vital que lo impregna todo, Shakti, y con la fuente misma de nuestro Ser, nuestra Alma.<\/p>\n<p>Me apasiona compartir estos espacios enriquecedores, de sanaci\u00f3n y revitalizantes, principalmente a trav\u00e9s de la pr\u00e1ctica del Shakti Dance, el Yoga de la Danza, y de mis masajes.<\/p>\n<p style=\"text-align: center;\"><span style=\"color: #cc99ff;\"><em><strong>Esp\u00edritu tomando forma<\/strong><\/em><\/span><\/p>\n","protected":false},"excerpt":{"rendered":"<p>JOIN ME AND ENJOY A COLLECTION\u00a0 OF SEASONAL CLASSES RECORDED &amp; READY TO USE IN YOUR OWN HOME HERE: &nbsp; \ufeff Creating spaces in which to experience a deep connection with the conscious life force that permeates everything, Shakti, and &hellip; <a href=\"https:\/\/shaktisoul.co.uk\/\">Continue reading <span class=\"meta-nav\">&rarr;<\/span><\/a><\/p>\n","protected":false},"author":1,"featured_media":0,"parent":0,"menu_order":0,"comment_status":"closed","ping_status":"closed","template":"","meta":{"footnotes":""},"jetpack_sharing_enabled":true,"_links":{"self":[{"href":"https:\/\/shaktisoul.co.uk\/index.php\/wp-json\/wp\/v2\/pages\/12"}],"collection":[{"href":"https:\/\/shaktisoul.co.uk\/index.php\/wp-json\/wp\/v2\/pages"}],"about":[{"href":"https:\/\/shaktisoul.co.uk\/index.php\/wp-json\/wp\/v2\/types\/page"}],"author":[{"embeddable":true,"href":"https:\/\/shaktisoul.co.uk\/index.php\/wp-json\/wp\/v2\/users\/1"}],"replies":[{"embeddable":true,"href":"https:\/\/shaktisoul.co.uk\/index.php\/wp-json\/wp\/v2\/comments?post=12"}],"version-history":[{"count":11,"href":"https:\/\/shaktisoul.co.uk\/index.php\/wp-json\/wp\/v2\/pages\/12\/revisions"}],"predecessor-version":[{"id":3778,"href":"https:\/\/shaktisoul.co.uk\/index.php\/wp-json\/wp\/v2\/pages\/12\/revisions\/3778"}],"wp:attachment":[{"href":"https:\/\/shaktisoul.co.uk\/index.php\/wp-json\/wp\/v2\/media?parent=12"}],"curies":[{"name":"wp","href":"https:\/\/api.w.org\/{rel}","templated":true}]}}