{"id":16,"date":"2013-07-16T11:20:32","date_gmt":"2013-07-16T11:20:32","guid":{"rendered":"http:\/\/shaktisoul.co.uk\/?page_id=16"},"modified":"2015-06-26T21:43:38","modified_gmt":"2015-06-26T21:43:38","slug":"testimonials","status":"publish","type":"page","link":"https:\/\/shaktisoul.co.uk\/index.php\/testimonials\/","title":{"rendered":"Testimonials"},"content":{"rendered":"<h1 style=\"text-align: center;\"><span style=\"color: #cc99ff;\">TESTIMONIALS<\/span><\/h1>\n<p><em>&#8220;Yours is a beautiful art of helping us give ourselves what we need deep within the most, and definitely feel inspired to continue on this journey to discover the beauty within in every moment of my life&#8230; So, thank you!&#8221;<br \/>\n<\/em>Kati Fitzhenry .Sidmouth, UK<\/span><\/p>\n<p><em>&#8220;It is like a dance which immerses you in a meditative state through movement and sound, in a state of presence in the sacred space of now, and which unfolds into \u00a0a celestial orgasm. In addition, your way of being and expressing yourself makes the journey even more fantastic&#8221;<\/em><\/span><br \/>\n Emilio, Spain<\/span><\/p>\n<p><em>&#8220;Shakti Dance feels like homeopathy for the heart- \u00a0stretching and opening my body to beautiful chants. Maite leads these sessions with warmth, welcome and sensitivity&#8221;<\/em> Kate,Reeds, Totnes, UK<\/span><\/p>\n<p><em>&#8221; A fantastic experience and looking forward to repeating&#8221;<\/em><\/span><br \/>\n Cristina Berricua, Asturies, Spain<\/span><\/p>\n<p><em>&#8220;I think Shakti Dance has connected directly with my heart, has made me feel my divinity, my plenitude. Remember that feeling when being little, on a swing? \u00a0Being\u00a0able to touch the sky&#8230;that letting go into the movement, the freedom of owning your body..opening up to the magic of entering into the unknown&#8230;trusting your roots, your swing, the music, the mantras which support and uplift you&#8230;&#8221;<\/em><\/span><br \/>\n Marisa Arenales, Asturies Spain<\/span><\/p>\n<p><em>&#8220;I so enjoyed the way Maite gently and enthusiastically guided us into this\u00a0wonderful\u00a0practice: The flowing warm-up movements that feel so natural for the body to do and then the standing more energetic rhythmic movements leading to the free dance, the relaxation and quiet mantra song\/movement to finish leaving my body feeling well stretched and alive, the mind refreshed\u00a0and calm and being in contact with my inner self &#8211; such a brilliant form of yoga! Thank you!&#8221;<\/em><\/span><br \/>\n Lucie Minne, UK<\/span><\/p>\n<p><em>&#8220;Just wanted to say how much my life has been enriched by your charming, graceful, loving yoga and all your wonderful sharing of it&#8221;<\/em><\/span><br \/>\n Kati Fitzhenry .Sidmouth, UK<\/span><\/p>\n<p>[SPANISH]<\/p>\n<h1 style=\"text-align: center;\"><span style=\"color: #cc99ff;\"><strong>TESTIMONIOS<\/strong><\/span><\/h1>\n<p><em>&#8221; Lo tuyo es un arte tan bello de aprender a darnos a nosotras mismas lo que necesitamos en lo m\u00e1s profundo de nuestro ser, y definitivamente me siento inspirada a continuar en este viaje de descubrimiento de la belleza interior en cada momento de mi vida&#8230;Asi que gracias!&#8221;<br \/>\nKati Fitzhenry .Sidmouth, Reino Unido<br \/>\n<\/em><\/span><\/p>\n<p><em>&#8220;Es como una danza que a trav\u00e9s del movimiento y del sonido te sumerge en un estado de meditaci\u00f3n, de presencia, en el espacio sagrado del ahora y que se convierte en un orgasmo celestial. Adem\u00e1s, tu forma de ser, tu manera de comunicarte y de expresarte, hacen a\u00fan m\u00e1s fant\u00e1stico el viaje&#8221;<\/em><\/span><br \/>\n Emilio, Asturias, Espa\u00f1a<\/span><\/p>\n<p><em>&#8220;Shakti Dance es como homeopat\u00eda para el coraz\u00f3n, estirando y abriendo mi cuerpo al ritmo de cantos tan bellos. Maite lleva las sesiones con calidez, acogida y sensibilidad&#8221;<\/em> Kate Reeds, Totnes, UK<\/span><\/p>\n<p><em>&#8220;Una experiencia fant\u00e1stica, y con ganas de repetir&#8221;<\/em><\/span><br \/>\n Cristina Berricua, Asturias, Espa\u00f1a<\/span><\/p>\n<p><em>&#8221;\u00a0Creo que la danza shakti ha conectado directamente con mi coraz\u00f3n, me ha hecho sentir mi divinidad, mi plenitud. Sabes esa sensaci\u00f3n de peque\u00f1a al columpiarte? Pod\u00edas tocar el cielo&#8230;.pues ese abandono al movimiento, la libertad de ser due\u00f1a de tu cuerpo,..de abrirte a la magia de avanzar hacia lo desconocido&#8230;con la confianza de que tienes tus raices, tu columpio, la m\u00fasica, el mantra que te sostiene y te eleva&#8230;.&#8221;<\/em><\/span><br \/>\n Marisa Arenales, Asturias, Espa\u00f1a<\/span><\/p>\n<p><em>&#8221; Me gust\u00f3 tanto el modo en que Maite nos guiaba en esta pr\u00e1ctica maravillosa, con suavidad y entusiasmo: los movimientos fluidos de calentamiento, tan naturales de hacer para el cuerpo,y a continuaci\u00f3n los movimientos de pie m\u00e1s energ\u00e9ticos, que llevaban al baile libre, la relajaci\u00f3n y acabando con el movimiento tranquilo al ritmo de la canci\u00f3n y el mantra, que me dejaba sintiendo mi cuerpo bien estirado y vivo, mi mente fresca y calma y estando en contacto con mi ser interior &#8211; una forma de yoga tan genial! Gracias!&#8221;<\/em><\/span><br \/>\n Lucie Minne, Inglaterra<\/span><\/p>\n<p><em>&#8220;S\u00f3lo quer\u00eda decir cu\u00e1nto se ha enriquecido mi vida de tu yoga amoroso, lleno de gracia y encanto, y del modo maravillloso en que lo compartes&#8221;<\/em><\/span><br \/>\n Kati Fitzhenry .Sidmouth, Reino Unido<\/span><\/p>\n","protected":false},"excerpt":{"rendered":"<p>TESTIMONIALS &#8220;Yours is a beautiful art of helping us give ourselves what we need deep within the most, and definitely feel inspired to continue on this journey to discover the beauty within in every moment of my life&#8230; So, thank &hellip; <a href=\"https:\/\/shaktisoul.co.uk\/index.php\/testimonials\/\">Continue reading <span class=\"meta-nav\">&rarr;<\/span><\/a><\/p>\n","protected":false},"author":1,"featured_media":0,"parent":0,"menu_order":0,"comment_status":"closed","ping_status":"closed","template":"","meta":{"footnotes":""},"jetpack_sharing_enabled":true,"_links":{"self":[{"href":"https:\/\/shaktisoul.co.uk\/index.php\/wp-json\/wp\/v2\/pages\/16"}],"collection":[{"href":"https:\/\/shaktisoul.co.uk\/index.php\/wp-json\/wp\/v2\/pages"}],"about":[{"href":"https:\/\/shaktisoul.co.uk\/index.php\/wp-json\/wp\/v2\/types\/page"}],"author":[{"embeddable":true,"href":"https:\/\/shaktisoul.co.uk\/index.php\/wp-json\/wp\/v2\/users\/1"}],"replies":[{"embeddable":true,"href":"https:\/\/shaktisoul.co.uk\/index.php\/wp-json\/wp\/v2\/comments?post=16"}],"version-history":[{"count":0,"href":"https:\/\/shaktisoul.co.uk\/index.php\/wp-json\/wp\/v2\/pages\/16\/revisions"}],"wp:attachment":[{"href":"https:\/\/shaktisoul.co.uk\/index.php\/wp-json\/wp\/v2\/media?parent=16"}],"curies":[{"name":"wp","href":"https:\/\/api.w.org\/{rel}","templated":true}]}}