{"id":1862,"date":"2018-06-16T10:01:57","date_gmt":"2018-06-16T10:01:57","guid":{"rendered":"http:\/\/shaktisoul.co.uk\/?page_id=1862"},"modified":"2018-06-16T10:30:24","modified_gmt":"2018-06-16T10:30:24","slug":"newsletter","status":"publish","type":"page","link":"https:\/\/shaktisoul.co.uk\/index.php\/newsletter\/","title":{"rendered":"Newsletter"},"content":{"rendered":"<p>Sign up for news about SHAKTI DANCE CLASSES<\/p>\n<p><span lang=\"es\">Inscr\u00edbase para recibir noticias sobre CLASES DE DANZA SHAKTI<\/span><\/p>\n<script>(function() {\n\twindow.mc4wp = window.mc4wp || {\n\t\tlisteners: [],\n\t\tforms: {\n\t\t\ton: function(evt, cb) {\n\t\t\t\twindow.mc4wp.listeners.push(\n\t\t\t\t\t{\n\t\t\t\t\t\tevent   : evt,\n\t\t\t\t\t\tcallback: cb\n\t\t\t\t\t}\n\t\t\t\t);\n\t\t\t}\n\t\t}\n\t}\n})();\n<\/script><!-- Mailchimp for WordPress v4.12.3 - https:\/\/wordpress.org\/plugins\/mailchimp-for-wp\/ --><form id=\"mc4wp-form-1\" class=\"mc4wp-form mc4wp-form-1865\" method=\"post\" data-id=\"1865\" data-name=\"\" ><div class=\"mc4wp-form-fields\"><p>\r\n    \r\n    <input type=\"text\" name=\"FNAME\" placeholder=\"Name \/ Nombre Primero\">\r\n<\/p>\r\n<p>\r\n    \r\n    <input type=\"text\" name=\"LNAME\" placeholder=\"Last Name \/ Apellido\" >\r\n<\/p>\r\n<p>\r\n<input type=\"email\" name=\"EMAIL\" placeholder=\"E-mail\" required \/>\r\n<\/p>\r\n<p>\r\n    <input type=\"submit\" value=\"Subscribe \/ Suscribir\">\r\n<\/p><\/div><label style=\"display: none !important;\">Leave this field empty if you're human: <input type=\"text\" name=\"_mc4wp_honeypot\" value=\"\" tabindex=\"-1\" autocomplete=\"off\" \/><\/label><input type=\"hidden\" name=\"_mc4wp_timestamp\" value=\"1778146334\" \/><input type=\"hidden\" name=\"_mc4wp_form_id\" value=\"1865\" \/><input type=\"hidden\" name=\"_mc4wp_form_element_id\" value=\"mc4wp-form-1\" \/><div class=\"mc4wp-response\"><\/div><\/form><!-- \/ Mailchimp for WordPress Plugin -->\n<p><span style=\"font-size: 8pt;\"><em>Your email will only be used to send you Shakti Dance Classes newsletters, and will not be shared with anyone else.<\/em><\/span><\/p>\n<p><span style=\"font-size: 8pt;\"><em>Su correo electr\u00f3nico solo se usar\u00e1 para enviarle boletines informativos de Clases de Danza Shakti y no se compartir\u00e1 con nadie m\u00e1s.<\/em><\/span><\/p>\n","protected":false},"excerpt":{"rendered":"<p>Sign up for news about SHAKTI DANCE CLASSES Inscr\u00edbase para recibir noticias sobre CLASES DE DANZA SHAKTI Your email will only be used to send you Shakti Dance Classes newsletters, and will not be shared with anyone else. Su correo &hellip; <a href=\"https:\/\/shaktisoul.co.uk\/index.php\/newsletter\/\">Continue reading <span class=\"meta-nav\">&rarr;<\/span><\/a><\/p>\n","protected":false},"author":2,"featured_media":0,"parent":0,"menu_order":0,"comment_status":"closed","ping_status":"closed","template":"","meta":{"footnotes":""},"jetpack_sharing_enabled":true,"_links":{"self":[{"href":"https:\/\/shaktisoul.co.uk\/index.php\/wp-json\/wp\/v2\/pages\/1862"}],"collection":[{"href":"https:\/\/shaktisoul.co.uk\/index.php\/wp-json\/wp\/v2\/pages"}],"about":[{"href":"https:\/\/shaktisoul.co.uk\/index.php\/wp-json\/wp\/v2\/types\/page"}],"author":[{"embeddable":true,"href":"https:\/\/shaktisoul.co.uk\/index.php\/wp-json\/wp\/v2\/users\/2"}],"replies":[{"embeddable":true,"href":"https:\/\/shaktisoul.co.uk\/index.php\/wp-json\/wp\/v2\/comments?post=1862"}],"version-history":[{"count":8,"href":"https:\/\/shaktisoul.co.uk\/index.php\/wp-json\/wp\/v2\/pages\/1862\/revisions"}],"predecessor-version":[{"id":1872,"href":"https:\/\/shaktisoul.co.uk\/index.php\/wp-json\/wp\/v2\/pages\/1862\/revisions\/1872"}],"wp:attachment":[{"href":"https:\/\/shaktisoul.co.uk\/index.php\/wp-json\/wp\/v2\/media?parent=1862"}],"curies":[{"name":"wp","href":"https:\/\/api.w.org\/{rel}","templated":true}]}}