{"id":229,"date":"2014-02-07T10:53:18","date_gmt":"2014-02-07T10:53:18","guid":{"rendered":"http:\/\/shaktisoul.co.uk\/?page_id=229"},"modified":"2015-08-05T09:17:29","modified_gmt":"2015-08-05T09:17:29","slug":"shakti-dance-the-yoga-of-dance-el-yoga-de-la-danza","status":"publish","type":"page","link":"https:\/\/shaktisoul.co.uk\/index.php\/shakti-dance-the-yoga-of-dance-el-yoga-de-la-danza\/","title":{"rendered":"Shakti Dance, the Yoga of Dance\/El Yoga de la Danza"},"content":{"rendered":"<h1 style=\"text-align: center;\"><span style=\"color: #cc99ff;\">SHAKTI \u00a0DANCE , \u00a0THE YOGA OF DANCE<\/span><\/h1>\n<p style=\"text-align: justify;\"><a href=\"https:\/\/shaktisoul.co.uk\/wp-content\/uploads\/2013\/07\/hands1.jpg\"><img loading=\"lazy\" decoding=\"async\" class=\"alignleft size-medium wp-image-52\" src=\"https:\/\/shaktisoul.co.uk\/wp-content\/uploads\/2013\/07\/hands1-300x247.jpg\" alt=\"hands\" width=\"300\" height=\"247\" srcset=\"https:\/\/shaktisoul.co.uk\/wp-content\/uploads\/2013\/07\/hands1-300x247.jpg 300w, https:\/\/shaktisoul.co.uk\/wp-content\/uploads\/2013\/07\/hands1-363x300.jpg 363w, https:\/\/shaktisoul.co.uk\/wp-content\/uploads\/2013\/07\/hands1.jpg 584w\" sizes=\"(max-width: 300px) 100vw, 300px\" \/><\/a>The discipline of Shakti Dance has its roots in the teachings of Kundalini Yoga as taught by Yogi Bhajan (Master of Kundalini Yoga). It offers a joyful, graceful and healthy yogic path through the practice of dance.<\/p>\n<p style=\"text-align: justify;\">Shakti Dance shares the view of Kundalini Yoga and the Tantric Tradition of embracing and affirming the physical body as a portal to a path leading back to Self Realisation. It employs physical techniques as tools\u00a0in a conscious and carefully combined way in order to raise the consciousness.<\/p>\n<p style=\"text-align: justify;\">Shakti Dance opens and rebalances the energy channels in the body using a harmonious fusion of flowing asanas, different dance styles, breathing techniques and rhythmic coordination, together with mental focus and mantras.<\/p>\n<p style=\"text-align: center;\"><strong><em><span style=\"color: #cc99ff;\">Whole body breathing\u00a0<\/span><\/em><\/strong><\/p>\n<p>[SPANISH]<\/p>\n<p style=\"text-align: center;\"><span style=\"color: #cc99ff;\"><strong>SHAKTI \u00a0DANCE , \u00a0EL \u00a0YOGA \u00a0DE \u00a0LA \u00a0DANZA<\/strong><\/span><\/p>\n<p style=\"text-align: justify;\"><a href=\"https:\/\/shaktisoul.co.uk\/wp-content\/uploads\/2013\/07\/hands1.jpg\"><img loading=\"lazy\" decoding=\"async\" class=\"size-medium wp-image-52 alignleft\" src=\"https:\/\/shaktisoul.co.uk\/wp-content\/uploads\/2013\/07\/hands1-300x247.jpg\" alt=\"hands\" width=\"300\" height=\"247\" srcset=\"https:\/\/shaktisoul.co.uk\/wp-content\/uploads\/2013\/07\/hands1-300x247.jpg 300w, https:\/\/shaktisoul.co.uk\/wp-content\/uploads\/2013\/07\/hands1-363x300.jpg 363w, https:\/\/shaktisoul.co.uk\/wp-content\/uploads\/2013\/07\/hands1.jpg 584w\" sizes=\"(max-width: 300px) 100vw, 300px\" \/><\/a>Shakti Dance es \u201cEl Yoga de la Danza\u201d. Esta es una disciplina nueva, basada en el\u00a0Kundalini \u00a0Yoga tal como lo ense\u00f1\u00f3 Yogi Bhajan, y desarrollada por Sara Avtar\u00a0Olivier. Esta danza ofrece un divertido, elegante y saludable camino y\u00f3guico a\u00a0trav\u00e9s de la pr\u00e1ctica de la danza. Une la danza con la conciencia y\u00f3guica para expandir la conciencia e inducir a un estado de uni\u00f3n y\u00f3guica.<br \/>\nShakti Dance abre y reequilibra suavemente los canales sutiles vitales\u00a0(meridianos\/nadis) del cuerpo, usando la fusi\u00f3n arm\u00f3nica de asanas flu\u00eddas,\u00a0diferentes estilos de danza, t\u00e9cnicas de respiraci\u00f3n, y coordinaci\u00f3n r\u00edtmica, junto al enfoque mental y los mantras.<\/p>\n<p style=\"text-align: center;\"><strong><span style=\"color: #cc99ff;\"><em>Todo el cuerpo entero respirando<\/em><\/span><\/strong><\/p>\n","protected":false},"excerpt":{"rendered":"<p>SHAKTI \u00a0DANCE , \u00a0THE YOGA OF DANCE The discipline of Shakti Dance has its roots in the teachings of Kundalini Yoga as taught by Yogi Bhajan (Master of Kundalini Yoga). It offers a joyful, graceful and healthy yogic path through &hellip; <a href=\"https:\/\/shaktisoul.co.uk\/index.php\/shakti-dance-the-yoga-of-dance-el-yoga-de-la-danza\/\">Continue reading <span class=\"meta-nav\">&rarr;<\/span><\/a><\/p>\n","protected":false},"author":2,"featured_media":0,"parent":0,"menu_order":0,"comment_status":"closed","ping_status":"closed","template":"","meta":{"footnotes":""},"jetpack_sharing_enabled":true,"_links":{"self":[{"href":"https:\/\/shaktisoul.co.uk\/index.php\/wp-json\/wp\/v2\/pages\/229"}],"collection":[{"href":"https:\/\/shaktisoul.co.uk\/index.php\/wp-json\/wp\/v2\/pages"}],"about":[{"href":"https:\/\/shaktisoul.co.uk\/index.php\/wp-json\/wp\/v2\/types\/page"}],"author":[{"embeddable":true,"href":"https:\/\/shaktisoul.co.uk\/index.php\/wp-json\/wp\/v2\/users\/2"}],"replies":[{"embeddable":true,"href":"https:\/\/shaktisoul.co.uk\/index.php\/wp-json\/wp\/v2\/comments?post=229"}],"version-history":[{"count":0,"href":"https:\/\/shaktisoul.co.uk\/index.php\/wp-json\/wp\/v2\/pages\/229\/revisions"}],"wp:attachment":[{"href":"https:\/\/shaktisoul.co.uk\/index.php\/wp-json\/wp\/v2\/media?parent=229"}],"curies":[{"name":"wp","href":"https:\/\/api.w.org\/{rel}","templated":true}]}}