{"id":237,"date":"2014-02-07T11:00:29","date_gmt":"2014-02-07T11:00:29","guid":{"rendered":"http:\/\/shaktisoul.co.uk\/?page_id=237"},"modified":"2015-08-05T09:15:17","modified_gmt":"2015-08-05T09:15:17","slug":"interview-with-sara-avtar-entrevista-con-sara-avtar","status":"publish","type":"page","link":"https:\/\/shaktisoul.co.uk\/index.php\/interview-with-sara-avtar-entrevista-con-sara-avtar\/","title":{"rendered":"Interview with Sara Avtar\/Entrevista con Sara Avtar"},"content":{"rendered":"<h1 style=\"text-align: center;\"><span style=\"color: #cc99ff;\"><strong>INTERVIEW WITH SARA AVTAR<\/strong><\/span><\/h1>\n<p style=\"text-align: justify;\">Meet Sara Avtar, the founder and creator of Shakti Dance. \u00a0In this one hour interview she explains in great detail how Shakti Dance emerged and developed to become a new yogic practice.\u00a0She talks about different aspects in the following &#8220;minutes&#8221; of the interview:<\/p>\n<ul>\n<li style=\"text-align: justify;\">How Shakti Dance emerged as a new yogic discipline.<span style=\"color: #ccffff;\"> (Minute 0:00:00)<\/span><\/li>\n<li style=\"text-align: left;\">How the different aspects of Yoga (posture, breath, concentration,meditation, etc) and Dance come together in Shakti Dance.<span style=\"color: #ccffff;\"> (Minute 0:11:55)<\/span><\/li>\n<li style=\"text-align: left;\">The relationship between Shakti Dance and Kundalini Yoga.<br \/>\n<span style=\"color: #ccffff;\">(Minute 0:22:50)<\/span><\/li>\n<li style=\"text-align: left;\">The 8 phases of a Shakti Dance class.<span style=\"color: #ccffff;\">(Minute 0:30:00)<\/span><\/li>\n<li style=\"text-align: justify;\"><span style=\"color: #ccffff;\">Different themes for a Shakti Dance class.<\/span> (Minute 0:48:30)<\/li>\n<li style=\"text-align: left;\">Development of Shakti Dance through the teacher trainings.<br \/>\n<span style=\"color: #ccffff;\">(Minute 0:55:00)<\/span><\/li>\n<li style=\"text-align: left;\">The aspect of self-transformation in the Shakti Dance training.<br \/>\n<span style=\"color: #ccffff;\">(Minute 1:01:22)<\/span><\/li>\n<li style=\"text-align: justify;\">The impact of Shakti Dance in Sara Avtar&#8217;s life.<span style=\"color: #ccffff;\"> (Minute 1:04:50)<\/span><\/li>\n<\/ul>\n<p><iframe loading=\"lazy\" src=\"\/\/www.youtube.com\/embed\/85WH0bPTy9I\" width=\"560\" height=\"315\" frameborder=\"0\" allowfullscreen=\"allowfullscreen\"><\/iframe><\/p>\n<p>&nbsp;<\/p>\n<p>[SPANISH]<\/p>\n<p>Siento mucho no poder ofrecer una traducci\u00f3n en castellano de la entrevista con Sara Avtar que ofrezco en la p\u00e1gina en ingl\u00e9s.<\/p>\n","protected":false},"excerpt":{"rendered":"<p>INTERVIEW WITH SARA AVTAR Meet Sara Avtar, the founder and creator of Shakti Dance. \u00a0In this one hour interview she explains in great detail how Shakti Dance emerged and developed to become a new yogic practice.\u00a0She talks about different aspects &hellip; <a href=\"https:\/\/shaktisoul.co.uk\/index.php\/interview-with-sara-avtar-entrevista-con-sara-avtar\/\">Continue reading <span class=\"meta-nav\">&rarr;<\/span><\/a><\/p>\n","protected":false},"author":2,"featured_media":0,"parent":0,"menu_order":0,"comment_status":"closed","ping_status":"closed","template":"","meta":{"footnotes":""},"jetpack_sharing_enabled":true,"_links":{"self":[{"href":"https:\/\/shaktisoul.co.uk\/index.php\/wp-json\/wp\/v2\/pages\/237"}],"collection":[{"href":"https:\/\/shaktisoul.co.uk\/index.php\/wp-json\/wp\/v2\/pages"}],"about":[{"href":"https:\/\/shaktisoul.co.uk\/index.php\/wp-json\/wp\/v2\/types\/page"}],"author":[{"embeddable":true,"href":"https:\/\/shaktisoul.co.uk\/index.php\/wp-json\/wp\/v2\/users\/2"}],"replies":[{"embeddable":true,"href":"https:\/\/shaktisoul.co.uk\/index.php\/wp-json\/wp\/v2\/comments?post=237"}],"version-history":[{"count":0,"href":"https:\/\/shaktisoul.co.uk\/index.php\/wp-json\/wp\/v2\/pages\/237\/revisions"}],"wp:attachment":[{"href":"https:\/\/shaktisoul.co.uk\/index.php\/wp-json\/wp\/v2\/media?parent=237"}],"curies":[{"name":"wp","href":"https:\/\/api.w.org\/{rel}","templated":true}]}}