{"id":6,"date":"2013-07-16T11:19:03","date_gmt":"2013-07-16T11:19:03","guid":{"rendered":"http:\/\/shaktisoul.co.uk\/?page_id=6"},"modified":"2015-06-26T21:31:20","modified_gmt":"2015-06-26T21:31:20","slug":"events","status":"publish","type":"page","link":"https:\/\/shaktisoul.co.uk\/index.php\/events\/","title":{"rendered":"Events"},"content":{"rendered":"<h1 style=\"text-align: center;\"><span style=\"color: #cc99ff;\"><strong>EVENTS<\/strong><\/span><\/h1>\n<p style=\"text-align: justify;\">See the different ways I am sharing Shakti Dance: classes, workshops, retreats, festivals and other related evenst, \u00a0in UK and abroad.<br \/>\nFor all Shakti Dance events happening in UK run by the other teachers, visit the Shakti Dance Teachers Association website<span style=\"color: #800080;\"><a href=\"http:\/\/www.shaktidance.co.uk\/\">\u00a0<\/a><\/span><span style=\"color: #800080;\"><span style=\"color: #800080;\"><a href=\"http:\/\/www.shaktidance.co.uk\/\">www.shaktidance.co.uk<\/a><\/span><\/span><strong><span style=\"color: #800080;\"><span style=\"color: #800080;\"><br \/>\n<\/span><\/span><\/strong><\/p>\n<p style=\"text-align: center;\">[SPANISH]<br \/>\n<span style=\"font-weight: bold;\"><span style=\"color: #cc99ff;\">EVENTOS<\/span><\/span><\/p>\n<p>Estas son las diferentes maneras en que comparto Shakti Dance: clases, talleres, retiros, festivales y otros eventos afines, en Inglaterra y en Europa.<br \/>\nPueden encontrar m\u00e1s informaci\u00f3n sobre todos los eventos de Shakti Dance en el Reino Unido en la p\u00e1gina web de la Asociaci\u00f3n de Profesores de Shakti Dance\u00a0<a href=\"http:\/\/www.shaktidance.co.uk\/\">\u00a0<\/a><a href=\"http:\/\/www.shaktidance.co.uk\/\">www.shaktidance.co.uk<\/a><span style=\"font-weight: bold;\"><span style=\"text-decoration: underline; color: #800080;\"><span style=\"text-decoration: underline;\"><span style=\"color: #3366ff; text-decoration: underline;\"><br \/>\n<\/span><\/span><\/span><\/span><\/p>\n","protected":false},"excerpt":{"rendered":"<p>EVENTS See the different ways I am sharing Shakti Dance: classes, workshops, retreats, festivals and other related evenst, \u00a0in UK and abroad. For all Shakti Dance events happening in UK run by the other teachers, visit the Shakti Dance Teachers &hellip; <a href=\"https:\/\/shaktisoul.co.uk\/index.php\/events\/\">Continue reading <span class=\"meta-nav\">&rarr;<\/span><\/a><\/p>\n","protected":false},"author":1,"featured_media":0,"parent":0,"menu_order":0,"comment_status":"closed","ping_status":"closed","template":"","meta":{"footnotes":""},"jetpack_sharing_enabled":true,"_links":{"self":[{"href":"https:\/\/shaktisoul.co.uk\/index.php\/wp-json\/wp\/v2\/pages\/6"}],"collection":[{"href":"https:\/\/shaktisoul.co.uk\/index.php\/wp-json\/wp\/v2\/pages"}],"about":[{"href":"https:\/\/shaktisoul.co.uk\/index.php\/wp-json\/wp\/v2\/types\/page"}],"author":[{"embeddable":true,"href":"https:\/\/shaktisoul.co.uk\/index.php\/wp-json\/wp\/v2\/users\/1"}],"replies":[{"embeddable":true,"href":"https:\/\/shaktisoul.co.uk\/index.php\/wp-json\/wp\/v2\/comments?post=6"}],"version-history":[{"count":0,"href":"https:\/\/shaktisoul.co.uk\/index.php\/wp-json\/wp\/v2\/pages\/6\/revisions"}],"wp:attachment":[{"href":"https:\/\/shaktisoul.co.uk\/index.php\/wp-json\/wp\/v2\/media?parent=6"}],"curies":[{"name":"wp","href":"https:\/\/api.w.org\/{rel}","templated":true}]}}